{"id":57,"date":"2019-11-29T21:57:14","date_gmt":"2019-11-29T20:57:14","guid":{"rendered":"http:\/\/naturopathiesante-morbihan.fr\/?page_id=57"},"modified":"2023-06-25T19:33:25","modified_gmt":"2023-06-25T17:33:25","slug":"modelage-aux-pierres-chaudes","status":"publish","type":"page","link":"https:\/\/naturopathiesante-morbihan.fr\/index.php\/modelage-aux-pierres-chaudes\/","title":{"rendered":"Pratiques manuelles"},"content":{"rendered":"\n<p class=\"has-text-align-center\">(aux huiles essentielles et v\u00e9g\u00e9tales 100&nbsp;% biologiques et naturelles) <\/p>\n\n\n<div class=\"wp-block-image\">\n<figure class=\"alignright\"><img loading=\"lazy\" decoding=\"async\" width=\"250\" height=\"167\" src=\"https:\/\/naturopathiesante-morbihan.fr\/wp-content\/uploads\/2019\/11\/stones-1341222_960_720.jpg\" alt=\"\" class=\"wp-image-121\"\/><\/figure><\/div>\n\n\n<hr class=\"wp-block-separator has-css-opacity\"\/>\n\n\n\n<p class=\"has-text-align-left\"> Pour \u00e9vacuer votre stress et vous relaxer, je vous propose un modelage aux pierres chaudes d\u2019Hildegarde de Bingen.<br><br> Ce modelage de tout le corps vous permettra de vous reconnecter \u00e0 vos sensations corporelles.<br><br> Il apaisera les tensions, le stress et l\u2019anxi\u00e9t\u00e9.<br><br> L\u2019\u00e9tat de notre corps est le reflet de ce que nous vivons. Au-del\u00e0 de la  d\u00e9tente de l\u2019esprit, le modelage stimule vos sens et vous invite \u00e0  \u00e9couter votre corps.<br><br> Vous \u00eates pleinement avec vous-m\u00eame, dans l\u2019instant pr\u00e9sent. <\/p>\n","protected":false},"excerpt":{"rendered":"<p>(aux huiles essentielles et v\u00e9g\u00e9tales 100&nbsp;% biologiques et naturelles) Pour \u00e9vacuer votre stress et vous relaxer, je vous propose un modelage aux pierres chaudes d\u2019Hildegarde de Bingen. Ce modelage de tout le corps vous permettra de vous reconnecter \u00e0 vos sensations corporelles. Il apaisera les&nbsp;<a class=\"read-more\" href=\"https:\/\/naturopathiesante-morbihan.fr\/index.php\/modelage-aux-pierres-chaudes\/\">&hellip;<\/a><\/p>\n","protected":false},"author":1,"featured_media":0,"parent":0,"menu_order":0,"comment_status":"closed","ping_status":"closed","template":"template-full.php","meta":{"jetpack_post_was_ever_published":false,"footnotes":""},"class_list":["post-57","page","type-page","status-publish","hentry"],"jetpack_sharing_enabled":true,"_links":{"self":[{"href":"https:\/\/naturopathiesante-morbihan.fr\/index.php\/wp-json\/wp\/v2\/pages\/57"}],"collection":[{"href":"https:\/\/naturopathiesante-morbihan.fr\/index.php\/wp-json\/wp\/v2\/pages"}],"about":[{"href":"https:\/\/naturopathiesante-morbihan.fr\/index.php\/wp-json\/wp\/v2\/types\/page"}],"author":[{"embeddable":true,"href":"https:\/\/naturopathiesante-morbihan.fr\/index.php\/wp-json\/wp\/v2\/users\/1"}],"replies":[{"embeddable":true,"href":"https:\/\/naturopathiesante-morbihan.fr\/index.php\/wp-json\/wp\/v2\/comments?post=57"}],"version-history":[{"count":11,"href":"https:\/\/naturopathiesante-morbihan.fr\/index.php\/wp-json\/wp\/v2\/pages\/57\/revisions"}],"predecessor-version":[{"id":814,"href":"https:\/\/naturopathiesante-morbihan.fr\/index.php\/wp-json\/wp\/v2\/pages\/57\/revisions\/814"}],"wp:attachment":[{"href":"https:\/\/naturopathiesante-morbihan.fr\/index.php\/wp-json\/wp\/v2\/media?parent=57"}],"curies":[{"name":"wp","href":"https:\/\/api.w.org\/{rel}","templated":true}]}}