{"id":55,"date":"2019-11-29T21:56:12","date_gmt":"2019-11-29T20:56:12","guid":{"rendered":"http:\/\/naturopathiesante-morbihan.fr\/?page_id=55"},"modified":"2023-06-25T19:32:41","modified_gmt":"2023-06-25T17:32:41","slug":"reflexologie","status":"publish","type":"page","link":"https:\/\/naturopathiesante-morbihan.fr\/index.php\/reflexologie\/","title":{"rendered":"R\u00e9flexologie"},"content":{"rendered":"\n<p>Je vous propose de b\u00e9n\u00e9ficier des bienfaits de la <strong><span style=\"text-decoration: underline;\">r\u00e9flexologie plantaire <\/span><\/strong> et du modelage des mains.<\/p>\n\n\n\n<p class=\"has-text-align-left\">Dans de nombreuses m\u00e9decines traditionnelles, <strong><span style=\"text-decoration: underline;\">le pied<\/span><\/strong> est consid\u00e9r\u00e9 comme le reflet du corps.<\/p>\n\n\n<div class=\"wp-block-image\">\n<figure class=\"alignright\"><img loading=\"lazy\" decoding=\"async\" width=\"250\" height=\"166\" src=\"https:\/\/naturopathiesante-morbihan.fr\/wp-content\/uploads\/2019\/11\/foot-massage-2277450_960_720.jpg\" alt=\"\" class=\"wp-image-163\"\/><\/figure><\/div>\n\n\n<p class=\"has-text-align-left\">A chaque partie du corps correspond une zone r\u00e9flexe sur le pied ou la main.<\/p>\n\n\n\n<p class=\"has-text-align-left\">Assouplir et d\u00e9tendre cette zone permet d\u2019apaiser, de stimuler ou de r\u00e9guler certaines tensions et de relancer l\u2019\u00e9nergie.<\/p>\n\n\n\n<p class=\"has-text-align-left\">Une s\u00e9ance de r\u00e9flexologie plantaire favorise la d\u00e9tente de l\u2019ensemble du corps, procurant un \u00e9tat de relaxation.<\/p>\n\n\n\n<p class=\"has-text-align-left\">Pour renforcer l\u2019action du modelage du pied, j&#8217;utilise des huiles essentielles (100 % biologiques et naturelles) m\u00e9lang\u00e9es \u00e0 une huile v\u00e9g\u00e9tale et individualis\u00e9es pour chaque personne.<\/p>\n\n\n\n<p><\/p>\n\n\n\n<p>Vous pouvez \u00e9galement b\u00e9n\u00e9ficier de la <strong>formule relaxante associant les bienfaits de la r\u00e9flexologie plantaire<\/strong>. Elle vous apportera bien-\u00eatre, apaisement et relaxation.<\/p>\n\n\n\n<p><\/p>\n\n\n<div class=\"wp-block-image\">\n<figure class=\"aligncenter size-large is-resized\"><img loading=\"lazy\" decoding=\"async\" src=\"https:\/\/naturopathiesante-morbihan.fr\/wp-content\/uploads\/2019\/12\/Label-Agriculture-Biologique-Eurofeuille-big.jpg\" alt=\"\" class=\"wp-image-279\" width=\"143\" height=\"78\" srcset=\"https:\/\/naturopathiesante-morbihan.fr\/wp-content\/uploads\/2019\/12\/Label-Agriculture-Biologique-Eurofeuille-big.jpg 697w, https:\/\/naturopathiesante-morbihan.fr\/wp-content\/uploads\/2019\/12\/Label-Agriculture-Biologique-Eurofeuille-big-300x164.jpg 300w\" sizes=\"(max-width: 143px) 100vw, 143px\" \/><\/figure><\/div>","protected":false},"excerpt":{"rendered":"<p>Je vous propose de b\u00e9n\u00e9ficier des bienfaits de la r\u00e9flexologie plantaire et du modelage des mains. Dans de nombreuses m\u00e9decines traditionnelles, le pied est consid\u00e9r\u00e9 comme le reflet du corps. A chaque partie du corps correspond une zone r\u00e9flexe sur le pied ou la main.&nbsp;<a class=\"read-more\" href=\"https:\/\/naturopathiesante-morbihan.fr\/index.php\/reflexologie\/\">&hellip;<\/a><\/p>\n","protected":false},"author":1,"featured_media":0,"parent":0,"menu_order":0,"comment_status":"closed","ping_status":"closed","template":"template-full.php","meta":{"jetpack_post_was_ever_published":false,"footnotes":""},"class_list":["post-55","page","type-page","status-publish","hentry"],"jetpack_sharing_enabled":true,"_links":{"self":[{"href":"https:\/\/naturopathiesante-morbihan.fr\/index.php\/wp-json\/wp\/v2\/pages\/55"}],"collection":[{"href":"https:\/\/naturopathiesante-morbihan.fr\/index.php\/wp-json\/wp\/v2\/pages"}],"about":[{"href":"https:\/\/naturopathiesante-morbihan.fr\/index.php\/wp-json\/wp\/v2\/types\/page"}],"author":[{"embeddable":true,"href":"https:\/\/naturopathiesante-morbihan.fr\/index.php\/wp-json\/wp\/v2\/users\/1"}],"replies":[{"embeddable":true,"href":"https:\/\/naturopathiesante-morbihan.fr\/index.php\/wp-json\/wp\/v2\/comments?post=55"}],"version-history":[{"count":10,"href":"https:\/\/naturopathiesante-morbihan.fr\/index.php\/wp-json\/wp\/v2\/pages\/55\/revisions"}],"predecessor-version":[{"id":813,"href":"https:\/\/naturopathiesante-morbihan.fr\/index.php\/wp-json\/wp\/v2\/pages\/55\/revisions\/813"}],"wp:attachment":[{"href":"https:\/\/naturopathiesante-morbihan.fr\/index.php\/wp-json\/wp\/v2\/media?parent=55"}],"curies":[{"name":"wp","href":"https:\/\/api.w.org\/{rel}","templated":true}]}}