{"id":53,"date":"2019-11-29T21:55:06","date_gmt":"2019-11-29T20:55:06","guid":{"rendered":"http:\/\/naturopathiesante-morbihan.fr\/?page_id=53"},"modified":"2023-06-25T19:31:04","modified_gmt":"2023-06-25T17:31:04","slug":"aromatologie","status":"publish","type":"page","link":"https:\/\/naturopathiesante-morbihan.fr\/index.php\/aromatologie\/","title":{"rendered":"Aromatologie"},"content":{"rendered":"\n<p class=\"has-text-align-left\">L&#8217;aromatologie consiste en l&#8217;utilisation des huiles essentielles qui sont extraites par distillation des diff\u00e9rentes parties des plantes, principalement des fleurs, des feuilles et des fruits. Elles concentrent les propri\u00e9t\u00e9s naturelles des plantes.<\/p>\n\n\n<div class=\"wp-block-image\">\n<figure class=\"alignright is-resized\"><img loading=\"lazy\" decoding=\"async\" src=\"https:\/\/naturopathiesante-morbihan.fr\/wp-content\/uploads\/2019\/11\/bottle-essential-oil-herbs-holy-600w-362623601.jpg\" alt=\"\" class=\"wp-image-115\" width=\"281\" height=\"197\" srcset=\"https:\/\/naturopathiesante-morbihan.fr\/wp-content\/uploads\/2019\/11\/bottle-essential-oil-herbs-holy-600w-362623601.jpg 400w, https:\/\/naturopathiesante-morbihan.fr\/wp-content\/uploads\/2019\/11\/bottle-essential-oil-herbs-holy-600w-362623601-300x210.jpg 300w\" sizes=\"(max-width: 281px) 100vw, 281px\" \/><\/figure><\/div>\n\n\n<p class=\"has-text-align-left\">Les huiles essentielles permettent de contribuer au maintien en \u00e9quilibre du corps.<\/p>\n\n\n\n<p class=\"has-text-align-left\">Je les utilise pour le massage bien-\u00eatre ou en inhalation.<\/p>\n\n\n\n<p class=\"has-text-align-left\"><\/p>\n\n\n\n<p>J&#8217;utilise exclusivement des huiles essentielles issues \u00e0 100% de l&#8217;agriculture biologique.<\/p>\n\n\n<div class=\"wp-block-image\">\n<figure class=\"aligncenter size-large is-resized\"><img loading=\"lazy\" decoding=\"async\" src=\"https:\/\/naturopathiesante-morbihan.fr\/wp-content\/uploads\/2019\/12\/Label-Agriculture-Biologique-Eurofeuille-big.jpg\" alt=\"\" class=\"wp-image-279\" width=\"156\" height=\"85\" srcset=\"https:\/\/naturopathiesante-morbihan.fr\/wp-content\/uploads\/2019\/12\/Label-Agriculture-Biologique-Eurofeuille-big.jpg 697w, https:\/\/naturopathiesante-morbihan.fr\/wp-content\/uploads\/2019\/12\/Label-Agriculture-Biologique-Eurofeuille-big-300x164.jpg 300w\" sizes=\"(max-width: 156px) 100vw, 156px\" \/><\/figure><\/div>","protected":false},"excerpt":{"rendered":"<p>L&#8217;aromatologie consiste en l&#8217;utilisation des huiles essentielles qui sont extraites par distillation des diff\u00e9rentes parties des plantes, principalement des fleurs, des feuilles et des fruits. Elles concentrent les propri\u00e9t\u00e9s naturelles des plantes. Les huiles essentielles permettent de contribuer au maintien en \u00e9quilibre du corps. Je&nbsp;<a class=\"read-more\" href=\"https:\/\/naturopathiesante-morbihan.fr\/index.php\/aromatologie\/\">&hellip;<\/a><\/p>\n","protected":false},"author":1,"featured_media":0,"parent":0,"menu_order":0,"comment_status":"closed","ping_status":"closed","template":"template-full.php","meta":{"jetpack_post_was_ever_published":false,"footnotes":""},"class_list":["post-53","page","type-page","status-publish","hentry"],"jetpack_sharing_enabled":true,"_links":{"self":[{"href":"https:\/\/naturopathiesante-morbihan.fr\/index.php\/wp-json\/wp\/v2\/pages\/53"}],"collection":[{"href":"https:\/\/naturopathiesante-morbihan.fr\/index.php\/wp-json\/wp\/v2\/pages"}],"about":[{"href":"https:\/\/naturopathiesante-morbihan.fr\/index.php\/wp-json\/wp\/v2\/types\/page"}],"author":[{"embeddable":true,"href":"https:\/\/naturopathiesante-morbihan.fr\/index.php\/wp-json\/wp\/v2\/users\/1"}],"replies":[{"embeddable":true,"href":"https:\/\/naturopathiesante-morbihan.fr\/index.php\/wp-json\/wp\/v2\/comments?post=53"}],"version-history":[{"count":7,"href":"https:\/\/naturopathiesante-morbihan.fr\/index.php\/wp-json\/wp\/v2\/pages\/53\/revisions"}],"predecessor-version":[{"id":811,"href":"https:\/\/naturopathiesante-morbihan.fr\/index.php\/wp-json\/wp\/v2\/pages\/53\/revisions\/811"}],"wp:attachment":[{"href":"https:\/\/naturopathiesante-morbihan.fr\/index.php\/wp-json\/wp\/v2\/media?parent=53"}],"curies":[{"name":"wp","href":"https:\/\/api.w.org\/{rel}","templated":true}]}}