{"id":51,"date":"2019-11-29T21:54:13","date_gmt":"2019-11-29T20:54:13","guid":{"rendered":"http:\/\/naturopathiesante-morbihan.fr\/?page_id=51"},"modified":"2023-06-25T19:28:29","modified_gmt":"2023-06-25T17:28:29","slug":"phytologie","status":"publish","type":"page","link":"https:\/\/naturopathiesante-morbihan.fr\/index.php\/phytologie\/","title":{"rendered":"Phytologie"},"content":{"rendered":"<div class=\"wp-block-image\">\n<figure class=\"alignright is-resized\"><img loading=\"lazy\" decoding=\"async\" src=\"https:\/\/naturopathiesante-morbihan.fr\/wp-content\/uploads\/2019\/11\/branch-1299957_960_720.jpg\" alt=\"\" class=\"wp-image-165\" width=\"173\" height=\"252\" srcset=\"https:\/\/naturopathiesante-morbihan.fr\/wp-content\/uploads\/2019\/11\/branch-1299957_960_720.jpg 250w, https:\/\/naturopathiesante-morbihan.fr\/wp-content\/uploads\/2019\/11\/branch-1299957_960_720-205x300.jpg 205w\" sizes=\"(max-width: 173px) 100vw, 173px\" \/><\/figure><\/div>\n\n\n<p class=\"has-text-align-left\"><\/p>\n\n\n\n<p class=\"has-text-align-left\">De tout temps, les plantes sont utilis\u00e9es pour apaiser et favoriser l&#8217;auto-r\u00e9gulation de l&#8217;organisme.<\/p>\n\n\n\n<p class=\"has-text-align-left\">Les plantes servent dans l&#8217;alimentation (\u00e0 l&#8217;\u00e9tat frais ou s\u00e9ch\u00e9) ou sont appliqu\u00e9es sous forme de mac\u00e9rat (glyc\u00e9rine ou teinture m\u00e8re).<\/p>\n\n\n\n<p class=\"has-text-align-left\">J&#8217;utilise notamment les Fleurs de Bach dont les principes d&#8217;action sont bas\u00e9s sur la prise en compte des \u00e9motions de chacun. <\/p>\n","protected":false},"excerpt":{"rendered":"<p>De tout temps, les plantes sont utilis\u00e9es pour apaiser et favoriser l&#8217;auto-r\u00e9gulation de l&#8217;organisme. Les plantes servent dans l&#8217;alimentation (\u00e0 l&#8217;\u00e9tat frais ou s\u00e9ch\u00e9) ou sont appliqu\u00e9es sous forme de mac\u00e9rat (glyc\u00e9rine ou teinture m\u00e8re). J&#8217;utilise notamment les Fleurs de Bach dont les principes d&#8217;action&nbsp;<a class=\"read-more\" href=\"https:\/\/naturopathiesante-morbihan.fr\/index.php\/phytologie\/\">&hellip;<\/a><\/p>\n","protected":false},"author":1,"featured_media":0,"parent":0,"menu_order":0,"comment_status":"closed","ping_status":"closed","template":"template-full.php","meta":{"jetpack_post_was_ever_published":false,"footnotes":""},"class_list":["post-51","page","type-page","status-publish","hentry"],"jetpack_sharing_enabled":true,"_links":{"self":[{"href":"https:\/\/naturopathiesante-morbihan.fr\/index.php\/wp-json\/wp\/v2\/pages\/51"}],"collection":[{"href":"https:\/\/naturopathiesante-morbihan.fr\/index.php\/wp-json\/wp\/v2\/pages"}],"about":[{"href":"https:\/\/naturopathiesante-morbihan.fr\/index.php\/wp-json\/wp\/v2\/types\/page"}],"author":[{"embeddable":true,"href":"https:\/\/naturopathiesante-morbihan.fr\/index.php\/wp-json\/wp\/v2\/users\/1"}],"replies":[{"embeddable":true,"href":"https:\/\/naturopathiesante-morbihan.fr\/index.php\/wp-json\/wp\/v2\/comments?post=51"}],"version-history":[{"count":5,"href":"https:\/\/naturopathiesante-morbihan.fr\/index.php\/wp-json\/wp\/v2\/pages\/51\/revisions"}],"predecessor-version":[{"id":808,"href":"https:\/\/naturopathiesante-morbihan.fr\/index.php\/wp-json\/wp\/v2\/pages\/51\/revisions\/808"}],"wp:attachment":[{"href":"https:\/\/naturopathiesante-morbihan.fr\/index.php\/wp-json\/wp\/v2\/media?parent=51"}],"curies":[{"name":"wp","href":"https:\/\/api.w.org\/{rel}","templated":true}]}}