{"id":49,"date":"2019-11-29T21:53:10","date_gmt":"2019-11-29T20:53:10","guid":{"rendered":"http:\/\/naturopathiesante-morbihan.fr\/?page_id=49"},"modified":"2024-11-23T18:59:35","modified_gmt":"2024-11-23T17:59:35","slug":"alimentation","status":"publish","type":"page","link":"https:\/\/naturopathiesante-morbihan.fr\/index.php\/alimentation\/","title":{"rendered":"Alimentation"},"content":{"rendered":"\n<p class=\"has-text-align-left\">L&#8217;alimentation est un levier essentiel pour la naturopathie.<\/p>\n\n\n<div class=\"wp-block-image\">\n<figure class=\"alignright is-resized\"><img loading=\"lazy\" decoding=\"async\" width=\"600\" height=\"398\" src=\"https:\/\/naturopathiesante-morbihan.fr\/wp-content\/uploads\/2019\/11\/currant-896223_960_720-1.jpg\" alt=\"\" class=\"wp-image-86\" style=\"width:251px;height:166px\" srcset=\"https:\/\/naturopathiesante-morbihan.fr\/wp-content\/uploads\/2019\/11\/currant-896223_960_720-1.jpg 600w, https:\/\/naturopathiesante-morbihan.fr\/wp-content\/uploads\/2019\/11\/currant-896223_960_720-1-300x199.jpg 300w\" sizes=\"(max-width: 600px) 100vw, 600px\" \/><\/figure><\/div>\n\n\n<p class=\"has-text-align-left\">Une alimentation saine et \u00e9quilibr\u00e9e peut par exemple permettre d&#8217;\u00e9quilibrer le sommeil.<\/p>\n\n\n\n<p><\/p>\n\n\n\n<p class=\"has-text-align-left\">L&#8217;approche d&#8217;Hildegarde de Bingen ont rappel\u00e9 les vertus des aliments, notamment des fruits et l\u00e9gumes, mais aussi les bienfaits de c\u00e9r\u00e9ales anciennes, comme l&#8217;\u00e9peautre.<\/p>\n\n\n\n<p>La r\u00e9duction de la consommation de produits \u00e0 base de gluten procure un confort digestif.<\/p>\n\n\n\n<p><\/p>\n\n\n\n<p class=\"has-text-align-left\">Des recettes simples et faciles \u00e0 mettre en \u0153uvre au quotidien vous seront propos\u00e9es.<\/p>\n","protected":false},"excerpt":{"rendered":"<p>L&#8217;alimentation est un levier essentiel pour la naturopathie. Une alimentation saine et \u00e9quilibr\u00e9e peut par exemple permettre d&#8217;\u00e9quilibrer le sommeil. L&#8217;approche d&#8217;Hildegarde de Bingen ont rappel\u00e9 les vertus des aliments, notamment des fruits et l\u00e9gumes, mais aussi les bienfaits de c\u00e9r\u00e9ales anciennes, comme l&#8217;\u00e9peautre. La&nbsp;<a class=\"read-more\" href=\"https:\/\/naturopathiesante-morbihan.fr\/index.php\/alimentation\/\">&hellip;<\/a><\/p>\n","protected":false},"author":1,"featured_media":0,"parent":0,"menu_order":0,"comment_status":"closed","ping_status":"closed","template":"template-full.php","meta":{"jetpack_post_was_ever_published":false,"footnotes":""},"class_list":["post-49","page","type-page","status-publish","hentry"],"jetpack_sharing_enabled":true,"_links":{"self":[{"href":"https:\/\/naturopathiesante-morbihan.fr\/index.php\/wp-json\/wp\/v2\/pages\/49"}],"collection":[{"href":"https:\/\/naturopathiesante-morbihan.fr\/index.php\/wp-json\/wp\/v2\/pages"}],"about":[{"href":"https:\/\/naturopathiesante-morbihan.fr\/index.php\/wp-json\/wp\/v2\/types\/page"}],"author":[{"embeddable":true,"href":"https:\/\/naturopathiesante-morbihan.fr\/index.php\/wp-json\/wp\/v2\/users\/1"}],"replies":[{"embeddable":true,"href":"https:\/\/naturopathiesante-morbihan.fr\/index.php\/wp-json\/wp\/v2\/comments?post=49"}],"version-history":[{"count":14,"href":"https:\/\/naturopathiesante-morbihan.fr\/index.php\/wp-json\/wp\/v2\/pages\/49\/revisions"}],"predecessor-version":[{"id":846,"href":"https:\/\/naturopathiesante-morbihan.fr\/index.php\/wp-json\/wp\/v2\/pages\/49\/revisions\/846"}],"wp:attachment":[{"href":"https:\/\/naturopathiesante-morbihan.fr\/index.php\/wp-json\/wp\/v2\/media?parent=49"}],"curies":[{"name":"wp","href":"https:\/\/api.w.org\/{rel}","templated":true}]}}