{"id":46,"date":"2019-11-29T21:41:31","date_gmt":"2019-11-29T20:41:31","guid":{"rendered":"http:\/\/naturopathiesante-morbihan.fr\/?page_id=46"},"modified":"2024-11-23T18:57:29","modified_gmt":"2024-11-23T17:57:29","slug":"naturopathie","status":"publish","type":"page","link":"https:\/\/naturopathiesante-morbihan.fr\/index.php\/naturopathie\/","title":{"rendered":"Naturopathie"},"content":{"rendered":"\n<p class=\"has-text-align-left\">La naturopathie regroupe l\u2019ensemble des m\u00e9thodes naturelles qui peuvent aider \u00e0 pr\u00e9server, r\u00e9tablir ou renforcer la vitalit\u00e9 et l&#8217;hygi\u00e8ne de vie d\u2019une personne.<\/p>\n\n\n<div class=\"wp-block-image\">\n<figure class=\"alignleft\"><img loading=\"lazy\" decoding=\"async\" width=\"250\" height=\"167\" src=\"https:\/\/naturopathiesante-morbihan.fr\/wp-content\/uploads\/2019\/11\/daisy-2320519_960_720.jpg\" alt=\"\" class=\"wp-image-159\"\/><\/figure><\/div>\n\n\n<p class=\"has-text-align-left\">La naturopathie aide le corps \u00e0 se r\u00e9\u00e9quilibrer par lui-m\u00eame et \u00e0 reconstruire sa vitalit\u00e9. Elle utilise des m\u00e9thodes exclusivement naturelles adapt\u00e9es \u00e0 chaque personne.<\/p>\n\n\n\n<p class=\"has-text-align-left\">Le r\u00f4le du naturopathe-\u00e9ducateur de sant\u00e9 est d\u2019accompagner la personne, par ses conseils, vers le r\u00e9tablissement de sa vitalit\u00e9.<\/p>\n\n\n\n<p class=\"has-text-align-left\">Le naturopathe-\u00e9ducateur de sant\u00e9 ne remet jamais en question les prescriptions m\u00e9dicales. Il ne pose pas de diagnostic et ne prescrit pas de m\u00e9dicaments. Il s\u2019inscrit dans une approche de r\u00e9\u00e9quilibrage global agissant sur la vitalit\u00e9.<\/p>\n\n\n\n<p class=\"has-text-align-left\">En tant que naturopathe-\u00e9ducatrice de sant\u00e9, j&#8217;utilise une pluralit\u00e9 de m\u00e9thodes naturelles : la r\u00e9flexologie plantaire, l&#8217;aromatologie (huiles essentielles), la phytologie (plantes), l&#8217;alimentation, le modelage aux pierres chaudes, les Fleurs de Bach, la luminoth\u00e9rapie.<\/p>\n\n\n\n<p class=\"has-text-align-left\">Un bilan-naturopathique complet est r\u00e9alis\u00e9 \u00e0 l&#8217;occasion du premier rendez-vous de mani\u00e8re \u00e0 d\u00e9finir avec efficacit\u00e9 les mesures d&#8217;accompagnement personnalis\u00e9es.<\/p>\n","protected":false},"excerpt":{"rendered":"<p>La naturopathie regroupe l\u2019ensemble des m\u00e9thodes naturelles qui peuvent aider \u00e0 pr\u00e9server, r\u00e9tablir ou renforcer la vitalit\u00e9 et l&#8217;hygi\u00e8ne de vie d\u2019une personne. La naturopathie aide le corps \u00e0 se r\u00e9\u00e9quilibrer par lui-m\u00eame et \u00e0 reconstruire sa vitalit\u00e9. Elle utilise des m\u00e9thodes exclusivement naturelles adapt\u00e9es&nbsp;<a class=\"read-more\" href=\"https:\/\/naturopathiesante-morbihan.fr\/index.php\/naturopathie\/\">&hellip;<\/a><\/p>\n","protected":false},"author":1,"featured_media":0,"parent":0,"menu_order":0,"comment_status":"closed","ping_status":"closed","template":"template-full.php","meta":{"jetpack_post_was_ever_published":false,"footnotes":""},"class_list":["post-46","page","type-page","status-publish","hentry"],"jetpack_sharing_enabled":true,"_links":{"self":[{"href":"https:\/\/naturopathiesante-morbihan.fr\/index.php\/wp-json\/wp\/v2\/pages\/46"}],"collection":[{"href":"https:\/\/naturopathiesante-morbihan.fr\/index.php\/wp-json\/wp\/v2\/pages"}],"about":[{"href":"https:\/\/naturopathiesante-morbihan.fr\/index.php\/wp-json\/wp\/v2\/types\/page"}],"author":[{"embeddable":true,"href":"https:\/\/naturopathiesante-morbihan.fr\/index.php\/wp-json\/wp\/v2\/users\/1"}],"replies":[{"embeddable":true,"href":"https:\/\/naturopathiesante-morbihan.fr\/index.php\/wp-json\/wp\/v2\/comments?post=46"}],"version-history":[{"count":12,"href":"https:\/\/naturopathiesante-morbihan.fr\/index.php\/wp-json\/wp\/v2\/pages\/46\/revisions"}],"predecessor-version":[{"id":844,"href":"https:\/\/naturopathiesante-morbihan.fr\/index.php\/wp-json\/wp\/v2\/pages\/46\/revisions\/844"}],"wp:attachment":[{"href":"https:\/\/naturopathiesante-morbihan.fr\/index.php\/wp-json\/wp\/v2\/media?parent=46"}],"curies":[{"name":"wp","href":"https:\/\/api.w.org\/{rel}","templated":true}]}}