{"id":337,"date":"2019-12-15T14:17:05","date_gmt":"2019-12-15T13:17:05","guid":{"rendered":"http:\/\/naturopathiesante-morbihan.fr\/?page_id=337"},"modified":"2025-03-02T10:16:11","modified_gmt":"2025-03-02T09:16:11","slug":"cabinet-de-naturopathie","status":"publish","type":"page","link":"https:\/\/naturopathiesante-morbihan.fr\/index.php\/cabinet-de-naturopathie\/","title":{"rendered":"Mon cabinet"},"content":{"rendered":"<div class=\"wp-block-image is-style-default\">\n<figure class=\"aligncenter size-large is-resized\"><img loading=\"lazy\" decoding=\"async\" width=\"900\" height=\"440\" src=\"https:\/\/naturopathiesante-morbihan.fr\/wp-content\/uploads\/2020\/01\/20200105_132652.jpg\" alt=\"\" class=\"wp-image-406\" style=\"width:352px;height:171px\" srcset=\"https:\/\/naturopathiesante-morbihan.fr\/wp-content\/uploads\/2020\/01\/20200105_132652.jpg 900w, https:\/\/naturopathiesante-morbihan.fr\/wp-content\/uploads\/2020\/01\/20200105_132652-300x147.jpg 300w, https:\/\/naturopathiesante-morbihan.fr\/wp-content\/uploads\/2020\/01\/20200105_132652-768x375.jpg 768w\" sizes=\"(max-width: 900px) 100vw, 900px\" \/><\/figure><\/div>\n\n\n<p class=\"has-text-align-center\">A Questembert, dans le Morbihan (Bretagne), je vous accueille dans un cabinet con\u00e7u enti\u00e8rement \u00e0 partir de mat\u00e9riaux \u00e9cologiques et naturels : ossature bois, isolation en fibre de bois, peintures \u00e0 base d&#8217;algues, parquet labellis\u00e9 <strong><a aria-label=\" (s\u2019ouvre dans un nouvel onglet)\" href=\"https:\/\/www.blauer-engel.de\/en\" target=\"_blank\" rel=\"noreferrer noopener\">Ange Bleu<\/a><\/strong>, huisseries bois\/aluminium.<\/p>\n\n\n<div class=\"wp-block-image is-style-circle-mask\">\n<figure class=\"aligncenter size-large is-resized\"><img loading=\"lazy\" decoding=\"async\" width=\"900\" height=\"675\" src=\"https:\/\/naturopathiesante-morbihan.fr\/wp-content\/uploads\/2020\/01\/20200105_130207.jpg\" alt=\"\" class=\"wp-image-407\" style=\"width:510px;height:383px\" srcset=\"https:\/\/naturopathiesante-morbihan.fr\/wp-content\/uploads\/2020\/01\/20200105_130207.jpg 900w, https:\/\/naturopathiesante-morbihan.fr\/wp-content\/uploads\/2020\/01\/20200105_130207-300x225.jpg 300w, https:\/\/naturopathiesante-morbihan.fr\/wp-content\/uploads\/2020\/01\/20200105_130207-768x576.jpg 768w\" sizes=\"(max-width: 900px) 100vw, 900px\" \/><figcaption class=\"wp-element-caption\">          Au milieu d&#8217;un jardin naturel<\/figcaption><\/figure><\/div>\n\n\n<p><\/p>\n\n\n\n<div class=\"wp-block-jetpack-tiled-gallery aligncenter is-style-circle\"><div class=\"tiled-gallery__gallery\"><div class=\"tiled-gallery__row columns-2\"><div class=\"tiled-gallery__col\"><figure class=\"tiled-gallery__item\"><img decoding=\"async\" srcset=\"https:\/\/i0.wp.com\/naturopathiesante-morbihan.fr\/wp-content\/uploads\/2020\/01\/20200105_132412.jpg?resize=529,529&#038;strip=info 529w\" alt=\"\" data-height=\"529\" data-id=\"404\" data-link=\"https:\/\/naturopathiesante-morbihan.fr\/20200105_132412\/\" data-url=\"https:\/\/naturopathiesante-morbihan.fr\/wp-content\/uploads\/2020\/01\/20200105_132412.jpg\" data-width=\"900\" src=\"https:\/\/i0.wp.com\/naturopathiesante-morbihan.fr\/wp-content\/uploads\/2020\/01\/20200105_132412.jpg?resize=529%2C529\"\/><\/figure><\/div><div class=\"tiled-gallery__col\"><figure class=\"tiled-gallery__item\"><img decoding=\"async\" srcset=\"https:\/\/i2.wp.com\/naturopathiesante-morbihan.fr\/wp-content\/uploads\/2020\/01\/20200105_132213.jpg?resize=474,474&#038;strip=info 474w\" alt=\"\" data-height=\"474\" data-id=\"403\" data-link=\"https:\/\/naturopathiesante-morbihan.fr\/20200105_132213\/\" data-url=\"https:\/\/naturopathiesante-morbihan.fr\/wp-content\/uploads\/2020\/01\/20200105_132213.jpg\" data-width=\"900\" src=\"https:\/\/i2.wp.com\/naturopathiesante-morbihan.fr\/wp-content\/uploads\/2020\/01\/20200105_132213.jpg?resize=474%2C474\"\/><\/figure><\/div><\/div><\/div><\/div>\n\n\n\n<p class=\"has-text-align-center has-small-font-size\">Dans un cocon chaleureux, pour votre plus grand confort<\/p>\n","protected":false},"excerpt":{"rendered":"<p>A Questembert, dans le Morbihan (Bretagne), je vous accueille dans un cabinet con\u00e7u enti\u00e8rement \u00e0 partir de mat\u00e9riaux \u00e9cologiques et naturels : ossature bois, isolation en fibre de bois, peintures \u00e0 base d&#8217;algues, parquet labellis\u00e9 Ange Bleu, huisseries bois\/aluminium. Dans un cocon chaleureux, pour votre&nbsp;<a class=\"read-more\" href=\"https:\/\/naturopathiesante-morbihan.fr\/index.php\/cabinet-de-naturopathie\/\">&hellip;<\/a><\/p>\n","protected":false},"author":1,"featured_media":0,"parent":0,"menu_order":0,"comment_status":"closed","ping_status":"closed","template":"template-full.php","meta":{"jetpack_post_was_ever_published":false,"footnotes":""},"class_list":["post-337","page","type-page","status-publish","hentry"],"jetpack_sharing_enabled":true,"_links":{"self":[{"href":"https:\/\/naturopathiesante-morbihan.fr\/index.php\/wp-json\/wp\/v2\/pages\/337"}],"collection":[{"href":"https:\/\/naturopathiesante-morbihan.fr\/index.php\/wp-json\/wp\/v2\/pages"}],"about":[{"href":"https:\/\/naturopathiesante-morbihan.fr\/index.php\/wp-json\/wp\/v2\/types\/page"}],"author":[{"embeddable":true,"href":"https:\/\/naturopathiesante-morbihan.fr\/index.php\/wp-json\/wp\/v2\/users\/1"}],"replies":[{"embeddable":true,"href":"https:\/\/naturopathiesante-morbihan.fr\/index.php\/wp-json\/wp\/v2\/comments?post=337"}],"version-history":[{"count":14,"href":"https:\/\/naturopathiesante-morbihan.fr\/index.php\/wp-json\/wp\/v2\/pages\/337\/revisions"}],"predecessor-version":[{"id":858,"href":"https:\/\/naturopathiesante-morbihan.fr\/index.php\/wp-json\/wp\/v2\/pages\/337\/revisions\/858"}],"wp:attachment":[{"href":"https:\/\/naturopathiesante-morbihan.fr\/index.php\/wp-json\/wp\/v2\/media?parent=337"}],"curies":[{"name":"wp","href":"https:\/\/api.w.org\/{rel}","templated":true}]}}