{"id":333,"date":"2019-12-15T14:03:51","date_gmt":"2019-12-15T13:03:51","guid":{"rendered":"http:\/\/naturopathiesante-morbihan.fr\/?page_id=333"},"modified":"2023-06-25T19:00:21","modified_gmt":"2023-06-25T17:00:21","slug":"ils-me-font-confiance","status":"publish","type":"page","link":"https:\/\/naturopathiesante-morbihan.fr\/index.php\/ils-me-font-confiance\/","title":{"rendered":"Ils me font confiance"},"content":{"rendered":"\n<p><\/p>\n\n\n\n<p><strong><a href=\"https:\/\/www.halleterrenative.fr\/\" target=\"_blank\" rel=\"noreferrer noopener\" aria-label=\" (s\u2019ouvre dans un nouvel onglet)\">L&#8217;Halle Terre Native<\/a><\/strong> (HTN) : dans ce magasin de producteurs, d&#8217;artisanat local et de produits bios situ\u00e9 \u00e0 Questembert, j&#8217;organise des ateliers de d\u00e9couverte de la naturopathie et de l&#8217;usage des huiles essentielles.<\/p>\n\n\n\n<p><strong><a rel=\"noreferrer noopener\" aria-label=\" (s\u2019ouvre dans un nouvel onglet)\" href=\"https:\/\/fr-fr.facebook.com\/Restaurantleboldair\/\" target=\"_blank\">Le Bol d&#8217;Air<\/a><\/strong> : dans ce restaurant qui travaille \u00e0 partir de produits bios et locaux situ\u00e9 \u00e0 Questembert, j&#8217;organise des ateliers th\u00e9matiques autour de la naturopathie.<\/p>\n\n\n\n<p><\/p>\n","protected":false},"excerpt":{"rendered":"<p>L&#8217;Halle Terre Native (HTN) : dans ce magasin de producteurs, d&#8217;artisanat local et de produits bios situ\u00e9 \u00e0 Questembert, j&#8217;organise des ateliers de d\u00e9couverte de la naturopathie et de l&#8217;usage des huiles essentielles. Le Bol d&#8217;Air : dans ce restaurant qui travaille \u00e0 partir de&nbsp;<a class=\"read-more\" href=\"https:\/\/naturopathiesante-morbihan.fr\/index.php\/ils-me-font-confiance\/\">&hellip;<\/a><\/p>\n","protected":false},"author":1,"featured_media":0,"parent":0,"menu_order":0,"comment_status":"closed","ping_status":"closed","template":"template-full.php","meta":{"jetpack_post_was_ever_published":false,"footnotes":""},"class_list":["post-333","page","type-page","status-publish","hentry"],"jetpack_sharing_enabled":true,"_links":{"self":[{"href":"https:\/\/naturopathiesante-morbihan.fr\/index.php\/wp-json\/wp\/v2\/pages\/333"}],"collection":[{"href":"https:\/\/naturopathiesante-morbihan.fr\/index.php\/wp-json\/wp\/v2\/pages"}],"about":[{"href":"https:\/\/naturopathiesante-morbihan.fr\/index.php\/wp-json\/wp\/v2\/types\/page"}],"author":[{"embeddable":true,"href":"https:\/\/naturopathiesante-morbihan.fr\/index.php\/wp-json\/wp\/v2\/users\/1"}],"replies":[{"embeddable":true,"href":"https:\/\/naturopathiesante-morbihan.fr\/index.php\/wp-json\/wp\/v2\/comments?post=333"}],"version-history":[{"count":7,"href":"https:\/\/naturopathiesante-morbihan.fr\/index.php\/wp-json\/wp\/v2\/pages\/333\/revisions"}],"predecessor-version":[{"id":803,"href":"https:\/\/naturopathiesante-morbihan.fr\/index.php\/wp-json\/wp\/v2\/pages\/333\/revisions\/803"}],"wp:attachment":[{"href":"https:\/\/naturopathiesante-morbihan.fr\/index.php\/wp-json\/wp\/v2\/media?parent=333"}],"curies":[{"name":"wp","href":"https:\/\/api.w.org\/{rel}","templated":true}]}}