{"id":169,"date":"2019-11-30T17:04:41","date_gmt":"2019-11-30T16:04:41","guid":{"rendered":"http:\/\/naturopathiesante-morbihan.fr\/?page_id=169"},"modified":"2023-06-25T18:59:37","modified_gmt":"2023-06-25T16:59:37","slug":"mes-references","status":"publish","type":"page","link":"https:\/\/naturopathiesante-morbihan.fr\/index.php\/mes-references\/","title":{"rendered":"Mes r\u00e9f\u00e9rences"},"content":{"rendered":"\n<p class=\"has-text-align-center\">Formation de naturopathe \u00e0 l&#8217;Institut Hildegardien (2014-2016), \u00e9cole certifi\u00e9e par la F\u00e9d\u00e9ration fran\u00e7aise des \u00e9coles de naturopathie (FENA)<\/p>\n\n\n<div class=\"wp-block-image\">\n<figure class=\"alignright size-large is-resized\"><img loading=\"lazy\" decoding=\"async\" src=\"https:\/\/naturopathiesante-morbihan.fr\/wp-content\/uploads\/2019\/12\/LOGO-institut-hild.png\" alt=\"\" class=\"wp-image-188\" width=\"86\" height=\"55\" srcset=\"https:\/\/naturopathiesante-morbihan.fr\/wp-content\/uploads\/2019\/12\/LOGO-institut-hild.png 800w, https:\/\/naturopathiesante-morbihan.fr\/wp-content\/uploads\/2019\/12\/LOGO-institut-hild-300x192.png 300w, https:\/\/naturopathiesante-morbihan.fr\/wp-content\/uploads\/2019\/12\/LOGO-institut-hild-768x491.png 768w\" sizes=\"(max-width: 86px) 100vw, 86px\" \/><\/figure><\/div>\n\n\n<p><\/p>\n\n\n\n<p class=\"has-text-align-center\">Formation sur le confort digestif (2017)<\/p>\n\n\n\n<p class=\"has-text-align-center\">Formation sur l&#8217;horloge biologique (2017)<\/p>\n\n\n\n<p class=\"has-text-align-center\">Formation sur l&#8217;\u00e9quilibre du mouvement (2019)<\/p>\n\n\n\n<p class=\"has-text-align-center\">Formation &#8220;hygi\u00e8ne de vie alimentaire et micronutrition&#8221; (2019)<\/p>\n\n\n\n<p class=\"has-text-align-center\">Formation &#8220;accompagnement en canc\u00e9rologie&#8221; (2019)<\/p>\n\n\n\n<p class=\"has-text-align-center\">Formation en mycoth\u00e9rapie (2020)<\/p>\n\n\n\n<p class=\"has-text-align-center\">Formation sur l&#8217;accompagnement en naturopathie des ph\u00e9nom\u00e8nes de d\u00e9pendances (sucre, tabac,&#8230;) (2022)<\/p>\n\n\n\n<p><\/p>\n","protected":false},"excerpt":{"rendered":"<p>Formation de naturopathe \u00e0 l&#8217;Institut Hildegardien (2014-2016), \u00e9cole certifi\u00e9e par la F\u00e9d\u00e9ration fran\u00e7aise des \u00e9coles de naturopathie (FENA) Formation sur le confort digestif (2017) Formation sur l&#8217;horloge biologique (2017) Formation sur l&#8217;\u00e9quilibre du mouvement (2019) Formation &#8220;hygi\u00e8ne de vie alimentaire et micronutrition&#8221; (2019) Formation &#8220;accompagnement&nbsp;<a class=\"read-more\" href=\"https:\/\/naturopathiesante-morbihan.fr\/index.php\/mes-references\/\">&hellip;<\/a><\/p>\n","protected":false},"author":1,"featured_media":0,"parent":0,"menu_order":0,"comment_status":"closed","ping_status":"closed","template":"template-full.php","meta":{"jetpack_post_was_ever_published":false,"footnotes":""},"class_list":["post-169","page","type-page","status-publish","hentry"],"jetpack_sharing_enabled":true,"_links":{"self":[{"href":"https:\/\/naturopathiesante-morbihan.fr\/index.php\/wp-json\/wp\/v2\/pages\/169"}],"collection":[{"href":"https:\/\/naturopathiesante-morbihan.fr\/index.php\/wp-json\/wp\/v2\/pages"}],"about":[{"href":"https:\/\/naturopathiesante-morbihan.fr\/index.php\/wp-json\/wp\/v2\/types\/page"}],"author":[{"embeddable":true,"href":"https:\/\/naturopathiesante-morbihan.fr\/index.php\/wp-json\/wp\/v2\/users\/1"}],"replies":[{"embeddable":true,"href":"https:\/\/naturopathiesante-morbihan.fr\/index.php\/wp-json\/wp\/v2\/comments?post=169"}],"version-history":[{"count":11,"href":"https:\/\/naturopathiesante-morbihan.fr\/index.php\/wp-json\/wp\/v2\/pages\/169\/revisions"}],"predecessor-version":[{"id":802,"href":"https:\/\/naturopathiesante-morbihan.fr\/index.php\/wp-json\/wp\/v2\/pages\/169\/revisions\/802"}],"wp:attachment":[{"href":"https:\/\/naturopathiesante-morbihan.fr\/index.php\/wp-json\/wp\/v2\/media?parent=169"}],"curies":[{"name":"wp","href":"https:\/\/api.w.org\/{rel}","templated":true}]}}