{"id":130,"date":"2019-11-30T09:35:03","date_gmt":"2019-11-30T08:35:03","guid":{"rendered":"http:\/\/naturopathiesante-morbihan.fr\/?page_id=130"},"modified":"2020-01-04T15:43:00","modified_gmt":"2020-01-04T14:43:00","slug":"acces","status":"publish","type":"page","link":"https:\/\/naturopathiesante-morbihan.fr\/index.php\/acces\/","title":{"rendered":"Acc\u00e8s"},"content":{"rendered":"\n<p>Mon cabinet se trouve \u00e0 5 minutes \u00e0 pied de la gare SNCF TER de Questembert (situ\u00e9e \u00e0 10 minutes en train de Vannes et \u00e0 15 minutes de Redon)<\/p>\n\n\n\n<p>\u00c9lisabeth PETIT<br>7, rue des Cerisiers &#8211; 56 230 QUESTEMBERT<br>06 82 73 78 92<\/p>\n\n\n\n<iframe loading=\"lazy\" src=\"https:\/\/www.google.com\/maps\/embed?pb=!1m14!1m8!1m3!1d3194.5020114956287!2d-2.452796158547608!3d47.67965610943866!3m2!1i1024!2i768!4f13.1!3m3!1m2!1s0x480fe9a9825f6281%3A0x2e31dc40a85fbe6!2sElisabeth%20Petit%20Naturopathe!5e0!3m2!1sfr!2sfr!4v1577782270349!5m2!1sfr!2sfr\" style=\"border:0;\" allowfullscreen=\"\" width=\"800\" height=\"600\" frameborder=\"0\"><\/iframe>\n","protected":false},"excerpt":{"rendered":"<p>Mon cabinet se trouve \u00e0 5 minutes \u00e0 pied de la gare SNCF TER de Questembert (situ\u00e9e \u00e0 10 minutes en train de Vannes et \u00e0 15 minutes de Redon) \u00c9lisabeth PETIT7, rue des Cerisiers &#8211; 56 230 QUESTEMBERT06 82 73 78 92<\/p>\n","protected":false},"author":1,"featured_media":0,"parent":0,"menu_order":0,"comment_status":"closed","ping_status":"closed","template":"template-full.php","meta":{"jetpack_post_was_ever_published":false,"footnotes":""},"class_list":["post-130","page","type-page","status-publish","hentry"],"jetpack_sharing_enabled":true,"_links":{"self":[{"href":"https:\/\/naturopathiesante-morbihan.fr\/index.php\/wp-json\/wp\/v2\/pages\/130"}],"collection":[{"href":"https:\/\/naturopathiesante-morbihan.fr\/index.php\/wp-json\/wp\/v2\/pages"}],"about":[{"href":"https:\/\/naturopathiesante-morbihan.fr\/index.php\/wp-json\/wp\/v2\/types\/page"}],"author":[{"embeddable":true,"href":"https:\/\/naturopathiesante-morbihan.fr\/index.php\/wp-json\/wp\/v2\/users\/1"}],"replies":[{"embeddable":true,"href":"https:\/\/naturopathiesante-morbihan.fr\/index.php\/wp-json\/wp\/v2\/comments?post=130"}],"version-history":[{"count":18,"href":"https:\/\/naturopathiesante-morbihan.fr\/index.php\/wp-json\/wp\/v2\/pages\/130\/revisions"}],"predecessor-version":[{"id":368,"href":"https:\/\/naturopathiesante-morbihan.fr\/index.php\/wp-json\/wp\/v2\/pages\/130\/revisions\/368"}],"wp:attachment":[{"href":"https:\/\/naturopathiesante-morbihan.fr\/index.php\/wp-json\/wp\/v2\/media?parent=130"}],"curies":[{"name":"wp","href":"https:\/\/api.w.org\/{rel}","templated":true}]}}