{"id":126,"date":"2019-11-30T09:18:23","date_gmt":"2019-11-30T08:18:23","guid":{"rendered":"http:\/\/naturopathiesante-morbihan.fr\/?page_id=126"},"modified":"2020-01-10T15:05:36","modified_gmt":"2020-01-10T14:05:36","slug":"mentions-legales","status":"publish","type":"page","link":"https:\/\/naturopathiesante-morbihan.fr\/index.php\/mentions-legales\/","title":{"rendered":"Mentions l\u00e9gales"},"content":{"rendered":"\n<p class=\"has-text-align-center\"><strong>Propri\u00e9t\u00e9 du site :<\/strong><br>\u00c9lisabeth PETIT<br>7, rue des Cerisiers<br>Le Godr\u00e9ho, 56230 Questembert &#8211; France<\/p>\n\n\n\n<p class=\"has-text-align-center\"><strong>Num\u00e9ro SIRET :<\/strong><br>81327819900019<\/p>\n\n\n\n<p class=\"has-text-align-center\"><strong>Responsable \u00e9ditorial :<\/strong><br>\u00c9lisabeth PETIT<\/p>\n\n\n\n<p class=\"has-text-align-center\"><strong>H\u00e9bergement du site :<\/strong><br>OVH<br>2, rue Kellermann<br>59 100 ROUBAIX<\/p>\n\n\n\n<p class=\"has-text-align-center\"><strong>Cr\u00e9dits photographiques : <\/strong><\/p>\n\n\n\n<p class=\"has-text-align-center\"><a href=\"https:\/\/pixabay.com\" target=\"_blank\" rel=\"noreferrer noopener\" aria-label=\"Pixabay (s\u2019ouvre dans un nouvel onglet)\">Pixabay<\/a> &#8211; https:\/\/pixabay.com<\/p>\n\n\n\n<p class=\"has-text-align-center\">~~~~~~~~~~<br><strong>M\u00e9diateur de la consommation :<\/strong><br><a href=\"https:\/\/www.economie.gouv.fr\/mediation-conso\" target=\"_blank\" rel=\"noreferrer noopener\" aria-label=\"https:\/\/www.economie.gouv.fr\/mediation-conso (s\u2019ouvre dans un nouvel onglet)\">https:\/\/www.economie.gouv.fr\/mediation-conso<\/a><\/p>\n","protected":false},"excerpt":{"rendered":"<p>Propri\u00e9t\u00e9 du site :\u00c9lisabeth PETIT7, rue des CerisiersLe Godr\u00e9ho, 56230 Questembert &#8211; France Num\u00e9ro SIRET :81327819900019 Responsable \u00e9ditorial :\u00c9lisabeth PETIT H\u00e9bergement du site :OVH2, rue Kellermann59 100 ROUBAIX Cr\u00e9dits photographiques : Pixabay &#8211; https:\/\/pixabay.com ~~~~~~~~~~M\u00e9diateur de la consommation :https:\/\/www.economie.gouv.fr\/mediation-conso<\/p>\n","protected":false},"author":1,"featured_media":0,"parent":0,"menu_order":0,"comment_status":"closed","ping_status":"closed","template":"","meta":{"jetpack_post_was_ever_published":false,"footnotes":""},"class_list":["post-126","page","type-page","status-publish","hentry"],"jetpack_sharing_enabled":true,"_links":{"self":[{"href":"https:\/\/naturopathiesante-morbihan.fr\/index.php\/wp-json\/wp\/v2\/pages\/126"}],"collection":[{"href":"https:\/\/naturopathiesante-morbihan.fr\/index.php\/wp-json\/wp\/v2\/pages"}],"about":[{"href":"https:\/\/naturopathiesante-morbihan.fr\/index.php\/wp-json\/wp\/v2\/types\/page"}],"author":[{"embeddable":true,"href":"https:\/\/naturopathiesante-morbihan.fr\/index.php\/wp-json\/wp\/v2\/users\/1"}],"replies":[{"embeddable":true,"href":"https:\/\/naturopathiesante-morbihan.fr\/index.php\/wp-json\/wp\/v2\/comments?post=126"}],"version-history":[{"count":10,"href":"https:\/\/naturopathiesante-morbihan.fr\/index.php\/wp-json\/wp\/v2\/pages\/126\/revisions"}],"predecessor-version":[{"id":439,"href":"https:\/\/naturopathiesante-morbihan.fr\/index.php\/wp-json\/wp\/v2\/pages\/126\/revisions\/439"}],"wp:attachment":[{"href":"https:\/\/naturopathiesante-morbihan.fr\/index.php\/wp-json\/wp\/v2\/media?parent=126"}],"curies":[{"name":"wp","href":"https:\/\/api.w.org\/{rel}","templated":true}]}}